{"id":61210,"date":"2026-03-10T16:06:04","date_gmt":"2026-03-10T16:06:04","guid":{"rendered":"https:\/\/www.discoverbrasil.eu\/contact-2\/"},"modified":"2026-03-29T11:09:32","modified_gmt":"2026-03-29T11:09:32","slug":"contacto","status":"publish","type":"page","link":"https:\/\/www.discoverbrasil.eu\/pt-pt\/contacto\/","title":{"rendered":"Contacto"},"content":{"rendered":"\t\t<div data-elementor-type=\"wp-page\" data-elementor-id=\"61210\" class=\"elementor elementor-61210 elementor-61150\" data-elementor-post-type=\"page\">\n\t\t\t\t\t\t<section class=\"elementor-section elementor-top-section elementor-element elementor-element-754b3dd db-banner-hero elementor-section-boxed elementor-section-height-default elementor-section-height-default\" data-id=\"754b3dd\" data-element_type=\"section\" data-e-type=\"section\" data-settings=\"{&quot;background_background&quot;:&quot;classic&quot;,&quot;background_motion_fx_motion_fx_scrolling&quot;:&quot;yes&quot;,&quot;animation&quot;:&quot;none&quot;,&quot;background_motion_fx_devices&quot;:[&quot;widescreen&quot;,&quot;desktop&quot;,&quot;laptop&quot;,&quot;tablet_extra&quot;,&quot;tablet&quot;,&quot;mobile&quot;]}\">\n\t\t\t\t\t\t\t<div class=\"elementor-background-overlay\"><\/div>\n\t\t\t\t\t\t\t<div class=\"elementor-container elementor-column-gap-default\">\n\t\t\t\t\t<div class=\"elementor-column elementor-col-100 elementor-top-column elementor-element elementor-element-5a2f6bf6\" data-id=\"5a2f6bf6\" data-element_type=\"column\" data-e-type=\"column\">\n\t\t\t<div class=\"elementor-widget-wrap elementor-element-populated\">\n\t\t\t\t\t\t<div class=\"elementor-element elementor-element-42a871f5 elementor-widget-mobile__width-inherit elementor-widget__width-inherit elementor-widget elementor-widget-heading\" data-id=\"42a871f5\" data-element_type=\"widget\" data-e-type=\"widget\" data-widget_type=\"heading.default\">\n\t\t\t\t\t<h1 class=\"elementor-heading-title elementor-size-default\">Estamos aqui para ajudar!<\/h1>\t\t\t\t<\/div>\n\t\t\t\t<div class=\"elementor-element elementor-element-5de775d6 elementor-widget__width-inherit elementor-widget-mobile__width-inherit elementor-widget elementor-widget-text-editor\" data-id=\"5de775d6\" data-element_type=\"widget\" data-e-type=\"widget\" data-widget_type=\"text-editor.default\">\n\t\t\t\t\t\t\t\t\t<p>Contacte-nos<\/p>\t\t\t\t\t\t\t\t<\/div>\n\t\t\t\t\t<\/div>\n\t\t<\/div>\n\t\t\t\t\t<\/div>\n\t\t<\/section>\n\t\t<div class=\"elementor-element elementor-element-881089d e-flex e-con-boxed e-con e-parent\" data-id=\"881089d\" data-element_type=\"container\" data-e-type=\"container\">\n\t\t\t\t\t<div class=\"e-con-inner\">\n\t\t\t\t<div class=\"elementor-element elementor-element-04a158f elementor-widget elementor-widget-heading\" data-id=\"04a158f\" data-element_type=\"widget\" data-e-type=\"widget\" data-widget_type=\"heading.default\">\n\t\t\t\t\t<h2 class=\"elementor-heading-title elementor-size-default\">Informa\u00e7\u00f5es de contacto<\/h2>\t\t\t\t<\/div>\n\t\t\t\t\t<\/div>\n\t\t\t\t<\/div>\n\t\t<div class=\"elementor-element elementor-element-f6de231 e-flex e-con-boxed e-con e-parent\" data-id=\"f6de231\" data-element_type=\"container\" data-e-type=\"container\">\n\t\t\t\t\t<div class=\"e-con-inner\">\n\t\t<div class=\"elementor-element elementor-element-716846d e-con-full e-flex e-con e-child\" data-id=\"716846d\" data-element_type=\"container\" data-e-type=\"container\">\n\t\t<div class=\"elementor-element elementor-element-ffcb60e e-con-full e-flex e-con e-child\" data-id=\"ffcb60e\" data-element_type=\"container\" data-e-type=\"container\">\n\t\t\t\t<div class=\"elementor-element elementor-element-687abda elementor-view-default elementor-widget elementor-widget-icon\" data-id=\"687abda\" data-element_type=\"widget\" data-e-type=\"widget\" data-widget_type=\"icon.default\">\n\t\t\t\t\t\t\t<div class=\"elementor-icon-wrapper\">\n\t\t\t<div class=\"elementor-icon\">\n\t\t\t<svg aria-hidden=\"true\" class=\"e-font-icon-svg e-fas-mail-bulk\" viewBox=\"0 0 576 512\" xmlns=\"http:\/\/www.w3.org\/2000\/svg\"><path d=\"M160 448c-25.6 0-51.2-22.4-64-32-64-44.8-83.2-60.8-96-70.4V480c0 17.67 14.33 32 32 32h256c17.67 0 32-14.33 32-32V345.6c-12.8 9.6-32 25.6-96 70.4-12.8 9.6-38.4 32-64 32zm128-192H32c-17.67 0-32 14.33-32 32v16c25.6 19.2 22.4 19.2 115.2 86.4 9.6 6.4 28.8 25.6 44.8 25.6s35.2-19.2 44.8-22.4c92.8-67.2 89.6-67.2 115.2-86.4V288c0-17.67-14.33-32-32-32zm256-96H224c-17.67 0-32 14.33-32 32v32h96c33.21 0 60.59 25.42 63.71 57.82l.29-.22V416h192c17.67 0 32-14.33 32-32V192c0-17.67-14.33-32-32-32zm-32 128h-64v-64h64v64zm-352-96c0-35.29 28.71-64 64-64h224V32c0-17.67-14.33-32-32-32H96C78.33 0 64 14.33 64 32v192h96v-32z\"><\/path><\/svg>\t\t\t<\/div>\n\t\t<\/div>\n\t\t\t\t\t\t<\/div>\n\t\t\t\t<div class=\"elementor-element elementor-element-80c2aa2 elementor-widget elementor-widget-heading\" data-id=\"80c2aa2\" data-element_type=\"widget\" data-e-type=\"widget\" data-widget_type=\"heading.default\">\n\t\t\t\t\t<h2 class=\"elementor-heading-title elementor-size-default\">support@discoverbrasil.eu<\/h2>\t\t\t\t<\/div>\n\t\t\t\t<\/div>\n\t\t<div class=\"elementor-element elementor-element-db1ad97 e-con-full e-flex e-con e-child\" data-id=\"db1ad97\" data-element_type=\"container\" data-e-type=\"container\">\n\t\t\t\t<div class=\"elementor-element elementor-element-5671922 elementor-view-default elementor-widget elementor-widget-icon\" data-id=\"5671922\" data-element_type=\"widget\" data-e-type=\"widget\" data-widget_type=\"icon.default\">\n\t\t\t\t\t\t\t<div class=\"elementor-icon-wrapper\">\n\t\t\t<div class=\"elementor-icon\">\n\t\t\t<svg aria-hidden=\"true\" class=\"e-font-icon-svg e-fas-phone\" viewBox=\"0 0 512 512\" xmlns=\"http:\/\/www.w3.org\/2000\/svg\"><path d=\"M493.4 24.6l-104-24c-11.3-2.6-22.9 3.3-27.5 13.9l-48 112c-4.2 9.8-1.4 21.3 6.9 28l60.6 49.6c-36 76.7-98.9 140.5-177.2 177.2l-49.6-60.6c-6.8-8.3-18.2-11.1-28-6.9l-112 48C3.9 366.5-2 378.1.6 389.4l24 104C27.1 504.2 36.7 512 48 512c256.1 0 464-207.5 464-464 0-11.2-7.7-20.9-18.6-23.4z\"><\/path><\/svg>\t\t\t<\/div>\n\t\t<\/div>\n\t\t\t\t\t\t<\/div>\n\t\t\t\t<div class=\"elementor-element elementor-element-d0932ec elementor-widget elementor-widget-heading\" data-id=\"d0932ec\" data-element_type=\"widget\" data-e-type=\"widget\" data-widget_type=\"heading.default\">\n\t\t\t\t\t<h2 class=\"elementor-heading-title elementor-size-default\">(+351) 911 746 907<\/h2>\t\t\t\t<\/div>\n\t\t\t\t<div class=\"elementor-element elementor-element-d78e2e4 elementor-widget elementor-widget-text-editor\" data-id=\"d78e2e4\" data-element_type=\"widget\" data-e-type=\"widget\" data-widget_type=\"text-editor.default\">\n\t\t\t\t\t\t\t\t\t<p>Chamada para a rede fixa\/m\u00f3vel nacional.<br \/>Se ligar a partir do estrangeiro, consulte a sua operadora para conhecer as tarifas aplic\u00e1veis \u00e0s chamadas internacionais.<\/p>\t\t\t\t\t\t\t\t<\/div>\n\t\t\t\t<\/div>\n\t\t\t\t<\/div>\n\t\t<div class=\"elementor-element elementor-element-5628fb7 e-con-full e-flex e-con e-child\" data-id=\"5628fb7\" data-element_type=\"container\" data-e-type=\"container\" data-settings=\"{&quot;background_background&quot;:&quot;classic&quot;}\">\n\t\t\t\t<div class=\"elementor-element elementor-element-a687b72 elementor-button-align-stretch elementor-widget elementor-widget-form\" data-id=\"a687b72\" data-element_type=\"widget\" data-e-type=\"widget\" data-settings=\"{&quot;step_next_label&quot;:&quot;Seguinte&quot;,&quot;step_previous_label&quot;:&quot;Anterior&quot;,&quot;button_width&quot;:&quot;100&quot;,&quot;step_type&quot;:&quot;number_text&quot;,&quot;step_icon_shape&quot;:&quot;circle&quot;}\" data-widget_type=\"form.default\">\n\t\t\t\t\t\t\t<form class=\"elementor-form\" method=\"post\" name=\"New Form\" aria-label=\"New Form\">\n\t\t\t<input type=\"hidden\" name=\"post_id\" value=\"61210\"\/>\n\t\t\t<input type=\"hidden\" name=\"form_id\" value=\"a687b72\"\/>\n\t\t\t<input type=\"hidden\" name=\"referer_title\" value=\"Contacto Discover Brasil | Especialistas em viagens ao Brasil &amp; apoio\" \/>\n\n\t\t\t\t\t\t\t<input type=\"hidden\" name=\"queried_id\" value=\"61210\"\/>\n\t\t\t\n\t\t\t<div class=\"elementor-form-fields-wrapper elementor-labels-above\">\n\t\t\t\t\t\t\t\t<div class=\"elementor-field-type-text elementor-field-group elementor-column elementor-field-group-name elementor-col-100\">\n\t\t\t\t\t\t\t\t\t\t\t\t<label for=\"form-field-name\" class=\"elementor-field-label\">\n\t\t\t\t\t\t\t\tNome\t\t\t\t\t\t\t<\/label>\n\t\t\t\t\t\t\t\t\t\t\t\t\t\t<input size=\"1\" type=\"text\" name=\"form_fields[name]\" id=\"form-field-name\" class=\"elementor-field elementor-size-sm  elementor-field-textual\" placeholder=\"Nome\">\n\t\t\t\t\t\t\t\t\t\t\t<\/div>\n\t\t\t\t\t\t\t\t<div class=\"elementor-field-type-email elementor-field-group elementor-column elementor-field-group-email elementor-col-100 elementor-field-required\">\n\t\t\t\t\t\t\t\t\t\t\t\t<label for=\"form-field-email\" class=\"elementor-field-label\">\n\t\t\t\t\t\t\t\tEmail\t\t\t\t\t\t\t<\/label>\n\t\t\t\t\t\t\t\t\t\t\t\t\t\t<input size=\"1\" type=\"email\" name=\"form_fields[email]\" id=\"form-field-email\" class=\"elementor-field elementor-size-sm  elementor-field-textual\" placeholder=\"Email\" required=\"required\">\n\t\t\t\t\t\t\t\t\t\t\t<\/div>\n\t\t\t\t\t\t\t\t<div class=\"elementor-field-type-textarea elementor-field-group elementor-column elementor-field-group-message elementor-col-100\">\n\t\t\t\t\t\t\t\t\t\t\t\t<label for=\"form-field-message\" class=\"elementor-field-label\">\n\t\t\t\t\t\t\t\tMensagem\t\t\t\t\t\t\t<\/label>\n\t\t\t\t\t\t<textarea class=\"elementor-field-textual elementor-field  elementor-size-sm\" name=\"form_fields[message]\" id=\"form-field-message\" rows=\"4\" placeholder=\"Mensagem\"><\/textarea>\t\t\t\t<\/div>\n\t\t\t\t\t\t\t\t<div class=\"elementor-field-group elementor-column elementor-field-type-submit elementor-col-100 e-form__buttons\">\n\t\t\t\t\t<button class=\"elementor-button elementor-size-sm\" type=\"submit\">\n\t\t\t\t\t\t<span class=\"elementor-button-content-wrapper\">\n\t\t\t\t\t\t\t\t\t\t\t\t\t\t\t\t\t\t\t\t\t\t<span class=\"elementor-button-text\">Enviar<\/span>\n\t\t\t\t\t\t\t\t\t\t\t\t\t<\/span>\n\t\t\t\t\t<\/button>\n\t\t\t\t<\/div>\n\t\t\t<\/div>\n\t\t<\/form>\n\t\t\t\t\t\t<\/div>\n\t\t\t\t<\/div>\n\t\t\t\t\t<\/div>\n\t\t\t\t<\/div>\n\t\t<div class=\"elementor-element elementor-element-a802588 e-flex e-con-boxed e-con e-parent\" data-id=\"a802588\" data-element_type=\"container\" data-e-type=\"container\">\n\t\t\t\t\t<div class=\"e-con-inner\">\n\t\t\t\t<div class=\"elementor-element elementor-element-4743b35 elementor-widget elementor-widget-google_maps\" data-id=\"4743b35\" data-element_type=\"widget\" data-e-type=\"widget\" data-widget_type=\"google_maps.default\">\n\t\t\t\t\t\t\t<div class=\"elementor-custom-embed\">\n\t\t\t<iframe loading=\"lazy\"\n\t\t\t\t\tsrc=\"https:\/\/www.google.com\/maps\/embed\/v1\/place?key=AIzaSyAAY0BDVMnVpHM2yU171IRJP61yglnUYYo&#038;q=discover%20brasil&#038;zoom=12\"\n\t\t\t\t\ttitle=\"discover brasil\"\n\t\t\t\t\taria-label=\"discover brasil\"\n\t\t\t><\/iframe>\n\t\t<\/div>\n\t\t\t\t\t\t<\/div>\n\t\t\t\t\t<\/div>\n\t\t\t\t<\/div>\n\t\t\t\t<\/div>\n\t\t","protected":false},"excerpt":{"rendered":"<p>Estamos aqui para ajudar! Contacte-nos Informa\u00e7\u00f5es de contacto support@discoverbrasil.eu (+351) 911 746 907 Chamada para a rede fixa\/m\u00f3vel nacional.Se ligar a partir do estrangeiro, consulte a sua operadora para conhecer as tarifas aplic\u00e1veis \u00e0s chamadas internacionais.<\/p>\n","protected":false},"author":2,"featured_media":0,"parent":0,"menu_order":0,"comment_status":"closed","ping_status":"closed","template":"elementor_header_footer","meta":{"footnotes":""},"class_list":["post-61210","page","type-page","status-publish","has-post-thumbnail","hentry"],"yoast_head":"<!-- This site is optimized with the Yoast SEO Premium plugin v27.3 (Yoast SEO v27.3) - https:\/\/yoast.com\/product\/yoast-seo-premium-wordpress\/ -->\n<title>Contacto Discover Brasil | Especialistas em viagens ao Brasil &amp; apoio<\/title>\n<meta name=\"description\" content=\"Contacte a Discover Brasil para planear a sua viagem ao Brasil com especialistas locais e descobrir tours sustent\u00e1veis, experi\u00eancias culturais e destinos aut\u00eanticos.\" \/>\n<meta name=\"robots\" content=\"index, follow, max-snippet:-1, max-image-preview:large, max-video-preview:-1\" \/>\n<link rel=\"canonical\" href=\"https:\/\/www.discoverbrasil.eu\/pt-pt\/contacto\/\" \/>\n<meta property=\"og:locale\" content=\"pt_PT\" \/>\n<meta property=\"og:type\" content=\"article\" \/>\n<meta property=\"og:title\" content=\"Contacto\" \/>\n<meta property=\"og:description\" content=\"Discover Brasil offers authentic experiences and unforgettable sustainable adventures in Brazil\u2019s hidden gems. From the Amazon Rainforest to off-the-beaten-path destinations, we provide eco-friendly tours and responsible travel experiences across Brazil\u2019s natural wonders. Immerse yourself in the best of Brazil\u2019s cultural richness and breathtaking landscapes through regenerative travel, where every adventure is crafted to leave a positive impact. Start your journey with Discover Brasil today and explore the unmatched beauty of Brazil\u2019s hidden treasures!\" \/>\n<meta property=\"og:url\" content=\"https:\/\/www.discoverbrasil.eu\/pt-pt\/contacto\/\" \/>\n<meta property=\"og:site_name\" content=\"Discover Brasil\" \/>\n<meta property=\"article:publisher\" content=\"https:\/\/www.instagram.com\/discoverbrasil.travel\" \/>\n<meta property=\"article:modified_time\" content=\"2026-03-29T11:09:32+00:00\" \/>\n<meta property=\"og:image\" content=\"https:\/\/www.discoverbrasil.eu\/wp-content\/uploads\/2024\/09\/22.webp\" \/>\n\t<meta property=\"og:image:width\" content=\"1920\" \/>\n\t<meta property=\"og:image:height\" content=\"1080\" \/>\n\t<meta property=\"og:image:type\" content=\"image\/webp\" \/>\n<meta name=\"twitter:card\" content=\"summary_large_image\" \/>\n<meta name=\"twitter:label1\" content=\"Tempo estimado de leitura\" \/>\n\t<meta name=\"twitter:data1\" content=\"1 minuto\" \/>\n<script type=\"application\/ld+json\" class=\"yoast-schema-graph\">{\"@context\":\"https:\\\/\\\/schema.org\",\"@graph\":[{\"@type\":\"WebPage\",\"@id\":\"https:\\\/\\\/www.discoverbrasil.eu\\\/pt-pt\\\/contacto\\\/\",\"url\":\"https:\\\/\\\/www.discoverbrasil.eu\\\/pt-pt\\\/contacto\\\/\",\"name\":\"Contacto Discover Brasil | Especialistas em viagens ao Brasil & apoio\",\"isPartOf\":{\"@id\":\"https:\\\/\\\/www.discoverbrasil.eu\\\/pt-pt\\\/#website\"},\"datePublished\":\"2026-03-10T16:06:04+00:00\",\"dateModified\":\"2026-03-29T11:09:32+00:00\",\"description\":\"Contacte a Discover Brasil para planear a sua viagem ao Brasil com especialistas locais e descobrir tours sustent\u00e1veis, experi\u00eancias culturais e destinos aut\u00eanticos.\",\"breadcrumb\":{\"@id\":\"https:\\\/\\\/www.discoverbrasil.eu\\\/pt-pt\\\/contacto\\\/#breadcrumb\"},\"inLanguage\":\"pt-PT\",\"potentialAction\":[{\"@type\":\"ReadAction\",\"target\":[\"https:\\\/\\\/www.discoverbrasil.eu\\\/pt-pt\\\/contacto\\\/\"]}]},{\"@type\":\"BreadcrumbList\",\"@id\":\"https:\\\/\\\/www.discoverbrasil.eu\\\/pt-pt\\\/contacto\\\/#breadcrumb\",\"itemListElement\":[{\"@type\":\"ListItem\",\"position\":1,\"name\":\"Home\",\"item\":\"https:\\\/\\\/www.discoverbrasil.eu\\\/pt-pt\\\/\"},{\"@type\":\"ListItem\",\"position\":2,\"name\":\"Contacto Discover Brasil\"}]},{\"@type\":\"WebSite\",\"@id\":\"https:\\\/\\\/www.discoverbrasil.eu\\\/pt-pt\\\/#website\",\"url\":\"https:\\\/\\\/www.discoverbrasil.eu\\\/pt-pt\\\/\",\"name\":\"Discover Brasil\",\"description\":\"Discover Brasil: Eco-Tourism, Adventure, and Authentic Experiences in Brazil\",\"publisher\":{\"@id\":\"https:\\\/\\\/www.discoverbrasil.eu\\\/pt-pt\\\/#organization\"},\"alternateName\":\"Discover Brazil\",\"potentialAction\":[{\"@type\":\"SearchAction\",\"target\":{\"@type\":\"EntryPoint\",\"urlTemplate\":\"https:\\\/\\\/www.discoverbrasil.eu\\\/pt-pt\\\/?s={search_term_string}\"},\"query-input\":{\"@type\":\"PropertyValueSpecification\",\"valueRequired\":true,\"valueName\":\"search_term_string\"}}],\"inLanguage\":\"pt-PT\"},{\"@type\":\"Organization\",\"@id\":\"https:\\\/\\\/www.discoverbrasil.eu\\\/pt-pt\\\/#organization\",\"name\":\"Discover Brasil\",\"alternateName\":\"Discover Brasil\",\"url\":\"https:\\\/\\\/www.discoverbrasil.eu\\\/pt-pt\\\/\",\"logo\":{\"@type\":\"ImageObject\",\"inLanguage\":\"pt-PT\",\"@id\":\"https:\\\/\\\/www.discoverbrasil.eu\\\/pt-pt\\\/#\\\/schema\\\/logo\\\/image\\\/\",\"url\":\"https:\\\/\\\/www.discoverbrasil.eu\\\/wp-content\\\/uploads\\\/2024\\\/07\\\/Logo-round.png\",\"contentUrl\":\"https:\\\/\\\/www.discoverbrasil.eu\\\/wp-content\\\/uploads\\\/2024\\\/07\\\/Logo-round.png\",\"width\":625,\"height\":625,\"caption\":\"Discover Brasil\"},\"image\":{\"@id\":\"https:\\\/\\\/www.discoverbrasil.eu\\\/pt-pt\\\/#\\\/schema\\\/logo\\\/image\\\/\"},\"sameAs\":[\"https:\\\/\\\/www.instagram.com\\\/discoverbrasil.travel\"],\"description\":\"At Discover Brasil, we believe that travel is about more than just visiting new places \u2013 it\u2019s about deeply connecting with culture, nature, and people. Since our founding, our goal has been to provide our visitors with authentic and sustainable experiences that respect and celebrate the diverse beauty of Brazil.\",\"email\":\"support@discoverbrasil.eu\",\"legalName\":\"Discover Brasil\",\"foundingDate\":\"2024-02-15\",\"vatID\":\"53.912.607\\\/0001-04\",\"taxID\":\"308800044\",\"numberOfEmployees\":{\"@type\":\"QuantitativeValue\",\"minValue\":\"1\",\"maxValue\":\"10\"},\"publishingPrinciples\":\"https:\\\/\\\/www.discoverbrasil.eu\\\/es\\\/terminos-y-condiciones\\\/\",\"actionableFeedbackPolicy\":\"https:\\\/\\\/www.discoverbrasil.eu\\\/es\\\/terminos-y-condiciones\\\/\"}]}<\/script>\n<!-- \/ Yoast SEO Premium plugin. -->","yoast_head_json":{"title":"Contacto Discover Brasil | Especialistas em viagens ao Brasil & apoio","description":"Contacte a Discover Brasil para planear a sua viagem ao Brasil com especialistas locais e descobrir tours sustent\u00e1veis, experi\u00eancias culturais e destinos aut\u00eanticos.","robots":{"index":"index","follow":"follow","max-snippet":"max-snippet:-1","max-image-preview":"max-image-preview:large","max-video-preview":"max-video-preview:-1"},"canonical":"https:\/\/www.discoverbrasil.eu\/pt-pt\/contacto\/","og_locale":"pt_PT","og_type":"article","og_title":"Contacto","og_description":"Discover Brasil offers authentic experiences and unforgettable sustainable adventures in Brazil\u2019s hidden gems. From the Amazon Rainforest to off-the-beaten-path destinations, we provide eco-friendly tours and responsible travel experiences across Brazil\u2019s natural wonders. Immerse yourself in the best of Brazil\u2019s cultural richness and breathtaking landscapes through regenerative travel, where every adventure is crafted to leave a positive impact. Start your journey with Discover Brasil today and explore the unmatched beauty of Brazil\u2019s hidden treasures!","og_url":"https:\/\/www.discoverbrasil.eu\/pt-pt\/contacto\/","og_site_name":"Discover Brasil","article_publisher":"https:\/\/www.instagram.com\/discoverbrasil.travel","article_modified_time":"2026-03-29T11:09:32+00:00","og_image":[{"width":1920,"height":1080,"url":"https:\/\/www.discoverbrasil.eu\/wp-content\/uploads\/2024\/09\/22.webp","type":"image\/webp"}],"twitter_card":"summary_large_image","twitter_misc":{"Tempo estimado de leitura":"1 minuto"},"schema":{"@context":"https:\/\/schema.org","@graph":[{"@type":"WebPage","@id":"https:\/\/www.discoverbrasil.eu\/pt-pt\/contacto\/","url":"https:\/\/www.discoverbrasil.eu\/pt-pt\/contacto\/","name":"Contacto Discover Brasil | Especialistas em viagens ao Brasil & apoio","isPartOf":{"@id":"https:\/\/www.discoverbrasil.eu\/pt-pt\/#website"},"datePublished":"2026-03-10T16:06:04+00:00","dateModified":"2026-03-29T11:09:32+00:00","description":"Contacte a Discover Brasil para planear a sua viagem ao Brasil com especialistas locais e descobrir tours sustent\u00e1veis, experi\u00eancias culturais e destinos aut\u00eanticos.","breadcrumb":{"@id":"https:\/\/www.discoverbrasil.eu\/pt-pt\/contacto\/#breadcrumb"},"inLanguage":"pt-PT","potentialAction":[{"@type":"ReadAction","target":["https:\/\/www.discoverbrasil.eu\/pt-pt\/contacto\/"]}]},{"@type":"BreadcrumbList","@id":"https:\/\/www.discoverbrasil.eu\/pt-pt\/contacto\/#breadcrumb","itemListElement":[{"@type":"ListItem","position":1,"name":"Home","item":"https:\/\/www.discoverbrasil.eu\/pt-pt\/"},{"@type":"ListItem","position":2,"name":"Contacto Discover Brasil"}]},{"@type":"WebSite","@id":"https:\/\/www.discoverbrasil.eu\/pt-pt\/#website","url":"https:\/\/www.discoverbrasil.eu\/pt-pt\/","name":"Discover Brasil","description":"Discover Brasil: Eco-Tourism, Adventure, and Authentic Experiences in Brazil","publisher":{"@id":"https:\/\/www.discoverbrasil.eu\/pt-pt\/#organization"},"alternateName":"Discover Brazil","potentialAction":[{"@type":"SearchAction","target":{"@type":"EntryPoint","urlTemplate":"https:\/\/www.discoverbrasil.eu\/pt-pt\/?s={search_term_string}"},"query-input":{"@type":"PropertyValueSpecification","valueRequired":true,"valueName":"search_term_string"}}],"inLanguage":"pt-PT"},{"@type":"Organization","@id":"https:\/\/www.discoverbrasil.eu\/pt-pt\/#organization","name":"Discover Brasil","alternateName":"Discover Brasil","url":"https:\/\/www.discoverbrasil.eu\/pt-pt\/","logo":{"@type":"ImageObject","inLanguage":"pt-PT","@id":"https:\/\/www.discoverbrasil.eu\/pt-pt\/#\/schema\/logo\/image\/","url":"https:\/\/www.discoverbrasil.eu\/wp-content\/uploads\/2024\/07\/Logo-round.png","contentUrl":"https:\/\/www.discoverbrasil.eu\/wp-content\/uploads\/2024\/07\/Logo-round.png","width":625,"height":625,"caption":"Discover Brasil"},"image":{"@id":"https:\/\/www.discoverbrasil.eu\/pt-pt\/#\/schema\/logo\/image\/"},"sameAs":["https:\/\/www.instagram.com\/discoverbrasil.travel"],"description":"At Discover Brasil, we believe that travel is about more than just visiting new places \u2013 it\u2019s about deeply connecting with culture, nature, and people. Since our founding, our goal has been to provide our visitors with authentic and sustainable experiences that respect and celebrate the diverse beauty of Brazil.","email":"support@discoverbrasil.eu","legalName":"Discover Brasil","foundingDate":"2024-02-15","vatID":"53.912.607\/0001-04","taxID":"308800044","numberOfEmployees":{"@type":"QuantitativeValue","minValue":"1","maxValue":"10"},"publishingPrinciples":"https:\/\/www.discoverbrasil.eu\/es\/terminos-y-condiciones\/","actionableFeedbackPolicy":"https:\/\/www.discoverbrasil.eu\/es\/terminos-y-condiciones\/"}]}},"_links":{"self":[{"href":"https:\/\/www.discoverbrasil.eu\/pt-pt\/wp-json\/wp\/v2\/pages\/61210","targetHints":{"allow":["GET"]}}],"collection":[{"href":"https:\/\/www.discoverbrasil.eu\/pt-pt\/wp-json\/wp\/v2\/pages"}],"about":[{"href":"https:\/\/www.discoverbrasil.eu\/pt-pt\/wp-json\/wp\/v2\/types\/page"}],"author":[{"embeddable":true,"href":"https:\/\/www.discoverbrasil.eu\/pt-pt\/wp-json\/wp\/v2\/users\/2"}],"replies":[{"embeddable":true,"href":"https:\/\/www.discoverbrasil.eu\/pt-pt\/wp-json\/wp\/v2\/comments?post=61210"}],"version-history":[{"count":21,"href":"https:\/\/www.discoverbrasil.eu\/pt-pt\/wp-json\/wp\/v2\/pages\/61210\/revisions"}],"predecessor-version":[{"id":64400,"href":"https:\/\/www.discoverbrasil.eu\/pt-pt\/wp-json\/wp\/v2\/pages\/61210\/revisions\/64400"}],"wp:attachment":[{"href":"https:\/\/www.discoverbrasil.eu\/pt-pt\/wp-json\/wp\/v2\/media?parent=61210"}],"curies":[{"name":"wp","href":"https:\/\/api.w.org\/{rel}","templated":true}]}}