{"id":76826,"date":"2026-04-20T11:45:40","date_gmt":"2026-04-20T11:45:40","guid":{"rendered":"https:\/\/www.discoverbrasil.eu\/partnerships\/"},"modified":"2026-04-20T15:04:15","modified_gmt":"2026-04-20T15:04:15","slug":"asociacion-operador-turistico-brasil","status":"publish","type":"page","link":"https:\/\/www.discoverbrasil.eu\/es\/asociacion-operador-turistico-brasil\/","title":{"rendered":"Alianzas"},"content":{"rendered":"\t\t<div data-elementor-type=\"wp-page\" data-elementor-id=\"76826\" class=\"elementor elementor-76826 elementor-76780\" data-elementor-post-type=\"page\">\n\t\t\t\t\t\t<section class=\"elementor-section elementor-top-section elementor-element elementor-element-43b4b873 db-banner-hero elementor-section-boxed elementor-section-height-default elementor-section-height-default\" data-id=\"43b4b873\" data-element_type=\"section\" data-e-type=\"section\" data-settings=\"{&quot;background_background&quot;:&quot;classic&quot;,&quot;background_motion_fx_motion_fx_scrolling&quot;:&quot;yes&quot;,&quot;animation&quot;:&quot;none&quot;,&quot;background_motion_fx_devices&quot;:[&quot;widescreen&quot;,&quot;desktop&quot;,&quot;laptop&quot;,&quot;tablet_extra&quot;,&quot;tablet&quot;,&quot;mobile&quot;]}\">\n\t\t\t\t\t\t\t<div class=\"elementor-background-overlay\"><\/div>\n\t\t\t\t\t\t\t<div class=\"elementor-container elementor-column-gap-default\">\n\t\t\t\t\t<div class=\"elementor-column elementor-col-100 elementor-top-column elementor-element elementor-element-676ea930\" data-id=\"676ea930\" data-element_type=\"column\" data-e-type=\"column\">\n\t\t\t<div class=\"elementor-widget-wrap elementor-element-populated\">\n\t\t\t\t\t\t<div class=\"elementor-element elementor-element-5ca4eb4d elementor-widget-mobile__width-inherit elementor-widget__width-inherit elementor-widget elementor-widget-heading\" data-id=\"5ca4eb4d\" data-element_type=\"widget\" data-e-type=\"widget\" data-widget_type=\"heading.default\">\n\t\t\t\t\t<h1 class=\"elementor-heading-title elementor-size-default\">Construyamos Juntos Algo con Sentido<\/h1>\t\t\t\t<\/div>\n\t\t\t\t<div class=\"elementor-element elementor-element-6ead29d8 elementor-widget__width-inherit elementor-widget-mobile__width-inherit elementor-widget elementor-widget-text-editor\" data-id=\"6ead29d8\" data-element_type=\"widget\" data-e-type=\"widget\" data-widget_type=\"text-editor.default\">\n\t\t\t\t\t\t\t\t\t<p>\u00danete a nosotros para crear experiencias de viaje aut\u00e9nticas y regenerativas por todo Brasil.<\/p>\t\t\t\t\t\t\t\t<\/div>\n\t\t\t\t\t<\/div>\n\t\t<\/div>\n\t\t\t\t\t<\/div>\n\t\t<\/section>\n\t\t<div class=\"elementor-element elementor-element-9e2e58c e-flex e-con-boxed e-con e-parent\" data-id=\"9e2e58c\" data-element_type=\"container\" data-e-type=\"container\">\n\t\t\t\t\t<div class=\"e-con-inner\">\n\t\t\t\t<div class=\"elementor-element elementor-element-350ad6e elementor-widget elementor-widget-shortcode\" data-id=\"350ad6e\" data-element_type=\"widget\" data-e-type=\"widget\" data-widget_type=\"shortcode.default\">\n\t\t\t\t\t\t\t<div class=\"elementor-shortcode\">\n<div class=\"wpcf7 no-js\" id=\"wpcf7-f76794-o1\" lang=\"es-ES\" dir=\"ltr\" data-wpcf7-id=\"76794\">\n<div class=\"screen-reader-response\"><p role=\"status\" aria-live=\"polite\" aria-atomic=\"true\"><\/p> <ul><\/ul><\/div>\n<form action=\"\/es\/wp-json\/wp\/v2\/pages\/76826#wpcf7-f76794-o1\" method=\"post\" class=\"wpcf7-form init\" aria-label=\"Formulario de contacto\" novalidate=\"novalidate\" data-status=\"init\">\n<fieldset class=\"hidden-fields-container\"><input type=\"hidden\" name=\"_wpcf7\" value=\"76794\" \/><input type=\"hidden\" name=\"_wpcf7_version\" value=\"6.1.5\" \/><input type=\"hidden\" name=\"_wpcf7_locale\" value=\"es_ES\" \/><input type=\"hidden\" name=\"_wpcf7_unit_tag\" value=\"wpcf7-f76794-o1\" \/><input type=\"hidden\" name=\"_wpcf7_container_post\" value=\"0\" \/><input type=\"hidden\" name=\"_wpcf7_posted_data_hash\" value=\"\" \/>\n<\/fieldset>\n<div class=\"db-form-row\">\n\t<p><label>Nombre completo *<\/label><span class=\"wpcf7-form-control-wrap\" data-name=\"your-name\"><input size=\"40\" maxlength=\"400\" class=\"wpcf7-form-control wpcf7-text wpcf7-validates-as-required\" aria-required=\"true\" aria-invalid=\"false\" placeholder=\"Tu nombre completo\" value=\"\" type=\"text\" name=\"your-name\" \/><\/span>\n\t<\/p>\n<\/div>\n<div class=\"db-form-row\">\n\t<p><label>Email *<\/label><span class=\"wpcf7-form-control-wrap\" data-name=\"your-email\"><input size=\"40\" maxlength=\"400\" class=\"wpcf7-form-control wpcf7-email wpcf7-validates-as-required wpcf7-text wpcf7-validates-as-email\" aria-required=\"true\" aria-invalid=\"false\" placeholder=\"tu@email.com\" value=\"\" type=\"email\" name=\"your-email\" \/><\/span>\n\t<\/p>\n<\/div>\n<div class=\"db-form-row\">\n\t<p><label>Tel\u00e9fono<\/label><span class=\"wpcf7-form-control-wrap\" data-name=\"your-phone\"><input size=\"40\" maxlength=\"400\" class=\"wpcf7-form-control wpcf7-tel wpcf7-text wpcf7-validates-as-tel\" aria-invalid=\"false\" placeholder=\"+34 000 000 000\" value=\"\" type=\"tel\" name=\"your-phone\" \/><\/span>\n\t<\/p>\n<\/div>\n<div class=\"db-form-row\">\n\t<p><label>Empresa \/ Organizaci\u00f3n<\/label><span class=\"wpcf7-form-control-wrap\" data-name=\"your-company\"><input size=\"40\" maxlength=\"400\" class=\"wpcf7-form-control wpcf7-text\" aria-invalid=\"false\" placeholder=\"Nombre de la empresa\" value=\"\" type=\"text\" name=\"your-company\" \/><\/span>\n\t<\/p>\n<\/div>\n<div class=\"db-form-row\">\n\t<p><label>Cargo<\/label><span class=\"wpcf7-form-control-wrap\" data-name=\"your-jobtitle\"><input size=\"40\" maxlength=\"400\" class=\"wpcf7-form-control wpcf7-text\" aria-invalid=\"false\" placeholder=\"Tu cargo \/ funci\u00f3n\" value=\"\" type=\"text\" name=\"your-jobtitle\" \/><\/span>\n\t<\/p>\n<\/div>\n<div class=\"db-form-row\">\n\t<p><label>Pa\u00eds<\/label><span class=\"wpcf7-form-control-wrap\" data-name=\"your-country\"><input size=\"40\" maxlength=\"400\" class=\"wpcf7-form-control wpcf7-text\" aria-invalid=\"false\" placeholder=\"Espa\u00f1a\" value=\"\" type=\"text\" name=\"your-country\" \/><\/span>\n\t<\/p>\n<\/div>\n<div class=\"db-form-row\">\n\t<p><label>Sitio web<\/label><span class=\"wpcf7-form-control-wrap\" data-name=\"your-website\"><input size=\"40\" maxlength=\"400\" class=\"wpcf7-form-control wpcf7-url wpcf7-text wpcf7-validates-as-url\" aria-invalid=\"false\" placeholder=\"https:\/\/tusitio.com\" value=\"\" type=\"url\" name=\"your-website\" \/><\/span>\n\t<\/p>\n<\/div>\n<div class=\"db-form-row\">\n\t<p><label>Tipo de colaboraci\u00f3n<\/label><span class=\"wpcf7-form-control-wrap\" data-name=\"your-partnership\"><input size=\"40\" maxlength=\"400\" class=\"wpcf7-form-control wpcf7-text\" aria-invalid=\"false\" placeholder=\"\u00bfC\u00f3mo imaginas trabajar con nosotros?\" value=\"\" type=\"text\" name=\"your-partnership\" \/><\/span>\n\t<\/p>\n<\/div>\n<div class=\"db-form-row\">\n\t<p><label>Mensaje *<\/label><span class=\"wpcf7-form-control-wrap\" data-name=\"your-message\"><textarea cols=\"40\" rows=\"10\" maxlength=\"2000\" class=\"wpcf7-form-control wpcf7-textarea wpcf7-validates-as-required\" aria-required=\"true\" aria-invalid=\"false\" placeholder=\"Cu\u00e9ntanos m\u00e1s sobre ti y tu propuesta...\" name=\"your-message\"><\/textarea><\/span>\n\t<\/p>\n<\/div>\n<p><input class=\"wpcf7-form-control wpcf7-submit has-spinner\" type=\"submit\" value=\"Enviar solicitud de colaboraci\u00f3n\" \/>\n<\/p><div class=\"wpcf7-response-output\" aria-hidden=\"true\"><\/div>\n<\/form>\n<\/div>\n<\/div>\n\t\t\t\t\t\t<\/div>\n\t\t\t\t\t<\/div>\n\t\t\t\t<\/div>\n\t\t\t\t<\/div>\n\t\t","protected":false},"excerpt":{"rendered":"<p>Construyamos Juntos Algo con Sentido \u00danete a nosotros para crear experiencias de viaje aut\u00e9nticas y regenerativas por todo Brasil.<\/p>\n","protected":false},"author":2,"featured_media":0,"parent":0,"menu_order":0,"comment_status":"closed","ping_status":"closed","template":"elementor_header_footer","meta":{"footnotes":""},"class_list":["post-76826","page","type-page","status-publish","has-post-thumbnail","hentry"],"yoast_head":"<!-- This site is optimized with the Yoast SEO Premium plugin v27.3 (Yoast SEO v27.3) - https:\/\/yoast.com\/product\/yoast-seo-premium-wordpress\/ -->\n<title>Asociaci\u00f3n Operador Tur\u00edstico Brasil | Discover Brasil<\/title>\n<meta name=\"description\" content=\"Asociaci\u00f3n operador tur\u00edstico Brasil con Discover Brasil. Conectamos agencias de viajes europeas y gu\u00edas locales brasile\u00f1os con experiencias sostenibles aut\u00e9nticas.\" \/>\n<meta name=\"robots\" content=\"index, follow, max-snippet:-1, max-image-preview:large, max-video-preview:-1\" \/>\n<link rel=\"canonical\" href=\"https:\/\/www.discoverbrasil.eu\/es\/asociacion-operador-turistico-brasil\/\" \/>\n<meta property=\"og:locale\" content=\"es_ES\" \/>\n<meta property=\"og:type\" content=\"article\" \/>\n<meta property=\"og:title\" content=\"Alianzas\" \/>\n<meta property=\"og:description\" content=\"Discover Brasil offers authentic experiences and unforgettable sustainable adventures in Brazil\u2019s hidden gems. From the Amazon Rainforest to off-the-beaten-path destinations, we provide eco-friendly tours and responsible travel experiences across Brazil\u2019s natural wonders. Immerse yourself in the best of Brazil\u2019s cultural richness and breathtaking landscapes through regenerative travel, where every adventure is crafted to leave a positive impact. Start your journey with Discover Brasil today and explore the unmatched beauty of Brazil\u2019s hidden treasures!\" \/>\n<meta property=\"og:url\" content=\"https:\/\/www.discoverbrasil.eu\/es\/asociacion-operador-turistico-brasil\/\" \/>\n<meta property=\"og:site_name\" content=\"Discover Brasil\" \/>\n<meta property=\"article:publisher\" content=\"https:\/\/www.instagram.com\/discoverbrasil.travel\" \/>\n<meta property=\"article:modified_time\" content=\"2026-04-20T15:04:15+00:00\" \/>\n<meta property=\"og:image\" content=\"https:\/\/www.discoverbrasil.eu\/wp-content\/uploads\/2024\/09\/22.webp\" \/>\n\t<meta property=\"og:image:width\" content=\"1920\" \/>\n\t<meta property=\"og:image:height\" content=\"1080\" \/>\n\t<meta property=\"og:image:type\" content=\"image\/webp\" \/>\n<meta name=\"twitter:card\" content=\"summary_large_image\" \/>\n<meta name=\"twitter:label1\" content=\"Tiempo de lectura\" \/>\n\t<meta name=\"twitter:data1\" content=\"1 minuto\" \/>\n<script type=\"application\/ld+json\" class=\"yoast-schema-graph\">{\"@context\":\"https:\\\/\\\/schema.org\",\"@graph\":[{\"@type\":\"WebPage\",\"@id\":\"https:\\\/\\\/www.discoverbrasil.eu\\\/es\\\/asociacion-operador-turistico-brasil\\\/\",\"url\":\"https:\\\/\\\/www.discoverbrasil.eu\\\/es\\\/asociacion-operador-turistico-brasil\\\/\",\"name\":\"Asociaci\u00f3n Operador Tur\u00edstico Brasil | Discover Brasil\",\"isPartOf\":{\"@id\":\"https:\\\/\\\/www.discoverbrasil.eu\\\/es\\\/#website\"},\"datePublished\":\"2026-04-20T11:45:40+00:00\",\"dateModified\":\"2026-04-20T15:04:15+00:00\",\"description\":\"Asociaci\u00f3n operador tur\u00edstico Brasil con Discover Brasil. Conectamos agencias de viajes europeas y gu\u00edas locales brasile\u00f1os con experiencias sostenibles aut\u00e9nticas.\",\"breadcrumb\":{\"@id\":\"https:\\\/\\\/www.discoverbrasil.eu\\\/es\\\/asociacion-operador-turistico-brasil\\\/#breadcrumb\"},\"inLanguage\":\"es\",\"potentialAction\":[{\"@type\":\"ReadAction\",\"target\":[\"https:\\\/\\\/www.discoverbrasil.eu\\\/es\\\/asociacion-operador-turistico-brasil\\\/\"]}]},{\"@type\":\"BreadcrumbList\",\"@id\":\"https:\\\/\\\/www.discoverbrasil.eu\\\/es\\\/asociacion-operador-turistico-brasil\\\/#breadcrumb\",\"itemListElement\":[{\"@type\":\"ListItem\",\"position\":1,\"name\":\"Home\",\"item\":\"https:\\\/\\\/www.discoverbrasil.eu\\\/es\\\/\"},{\"@type\":\"ListItem\",\"position\":2,\"name\":\"Alianzas\"}]},{\"@type\":\"WebSite\",\"@id\":\"https:\\\/\\\/www.discoverbrasil.eu\\\/es\\\/#website\",\"url\":\"https:\\\/\\\/www.discoverbrasil.eu\\\/es\\\/\",\"name\":\"Discover Brasil\",\"description\":\"Discover Brasil: Eco-Tourism, Adventure, and Authentic Experiences in Brazil\",\"publisher\":{\"@id\":\"https:\\\/\\\/www.discoverbrasil.eu\\\/es\\\/#organization\"},\"alternateName\":\"Discover Brazil\",\"potentialAction\":[{\"@type\":\"SearchAction\",\"target\":{\"@type\":\"EntryPoint\",\"urlTemplate\":\"https:\\\/\\\/www.discoverbrasil.eu\\\/es\\\/?s={search_term_string}\"},\"query-input\":{\"@type\":\"PropertyValueSpecification\",\"valueRequired\":true,\"valueName\":\"search_term_string\"}}],\"inLanguage\":\"es\"},{\"@type\":\"Organization\",\"@id\":\"https:\\\/\\\/www.discoverbrasil.eu\\\/es\\\/#organization\",\"name\":\"Discover Brasil\",\"alternateName\":\"Discover Brasil\",\"url\":\"https:\\\/\\\/www.discoverbrasil.eu\\\/es\\\/\",\"logo\":{\"@type\":\"ImageObject\",\"inLanguage\":\"es\",\"@id\":\"https:\\\/\\\/www.discoverbrasil.eu\\\/es\\\/#\\\/schema\\\/logo\\\/image\\\/\",\"url\":\"https:\\\/\\\/www.discoverbrasil.eu\\\/wp-content\\\/uploads\\\/2024\\\/07\\\/Logo-round.png\",\"contentUrl\":\"https:\\\/\\\/www.discoverbrasil.eu\\\/wp-content\\\/uploads\\\/2024\\\/07\\\/Logo-round.png\",\"width\":625,\"height\":625,\"caption\":\"Discover Brasil\"},\"image\":{\"@id\":\"https:\\\/\\\/www.discoverbrasil.eu\\\/es\\\/#\\\/schema\\\/logo\\\/image\\\/\"},\"sameAs\":[\"https:\\\/\\\/www.instagram.com\\\/discoverbrasil.travel\"],\"description\":\"At Discover Brasil, we believe that travel is about more than just visiting new places \u2013 it\u2019s about deeply connecting with culture, nature, and people. Since our founding, our goal has been to provide our visitors with authentic and sustainable experiences that respect and celebrate the diverse beauty of Brazil.\",\"email\":\"support@discoverbrasil.eu\",\"legalName\":\"Discover Brasil\",\"foundingDate\":\"2024-02-15\",\"vatID\":\"53.912.607\\\/0001-04\",\"taxID\":\"308800044\",\"numberOfEmployees\":{\"@type\":\"QuantitativeValue\",\"minValue\":\"1\",\"maxValue\":\"10\"},\"publishingPrinciples\":\"https:\\\/\\\/www.discoverbrasil.eu\\\/es\\\/terminos-y-condiciones\\\/\",\"actionableFeedbackPolicy\":\"https:\\\/\\\/www.discoverbrasil.eu\\\/es\\\/terminos-y-condiciones\\\/\"}]}<\/script>\n<!-- \/ Yoast SEO Premium plugin. -->","yoast_head_json":{"title":"Asociaci\u00f3n Operador Tur\u00edstico Brasil | Discover Brasil","description":"Asociaci\u00f3n operador tur\u00edstico Brasil con Discover Brasil. Conectamos agencias de viajes europeas y gu\u00edas locales brasile\u00f1os con experiencias sostenibles aut\u00e9nticas.","robots":{"index":"index","follow":"follow","max-snippet":"max-snippet:-1","max-image-preview":"max-image-preview:large","max-video-preview":"max-video-preview:-1"},"canonical":"https:\/\/www.discoverbrasil.eu\/es\/asociacion-operador-turistico-brasil\/","og_locale":"es_ES","og_type":"article","og_title":"Alianzas","og_description":"Discover Brasil offers authentic experiences and unforgettable sustainable adventures in Brazil\u2019s hidden gems. From the Amazon Rainforest to off-the-beaten-path destinations, we provide eco-friendly tours and responsible travel experiences across Brazil\u2019s natural wonders. Immerse yourself in the best of Brazil\u2019s cultural richness and breathtaking landscapes through regenerative travel, where every adventure is crafted to leave a positive impact. Start your journey with Discover Brasil today and explore the unmatched beauty of Brazil\u2019s hidden treasures!","og_url":"https:\/\/www.discoverbrasil.eu\/es\/asociacion-operador-turistico-brasil\/","og_site_name":"Discover Brasil","article_publisher":"https:\/\/www.instagram.com\/discoverbrasil.travel","article_modified_time":"2026-04-20T15:04:15+00:00","og_image":[{"width":1920,"height":1080,"url":"https:\/\/www.discoverbrasil.eu\/wp-content\/uploads\/2024\/09\/22.webp","type":"image\/webp"}],"twitter_card":"summary_large_image","twitter_misc":{"Tiempo de lectura":"1 minuto"},"schema":{"@context":"https:\/\/schema.org","@graph":[{"@type":"WebPage","@id":"https:\/\/www.discoverbrasil.eu\/es\/asociacion-operador-turistico-brasil\/","url":"https:\/\/www.discoverbrasil.eu\/es\/asociacion-operador-turistico-brasil\/","name":"Asociaci\u00f3n Operador Tur\u00edstico Brasil | Discover Brasil","isPartOf":{"@id":"https:\/\/www.discoverbrasil.eu\/es\/#website"},"datePublished":"2026-04-20T11:45:40+00:00","dateModified":"2026-04-20T15:04:15+00:00","description":"Asociaci\u00f3n operador tur\u00edstico Brasil con Discover Brasil. Conectamos agencias de viajes europeas y gu\u00edas locales brasile\u00f1os con experiencias sostenibles aut\u00e9nticas.","breadcrumb":{"@id":"https:\/\/www.discoverbrasil.eu\/es\/asociacion-operador-turistico-brasil\/#breadcrumb"},"inLanguage":"es","potentialAction":[{"@type":"ReadAction","target":["https:\/\/www.discoverbrasil.eu\/es\/asociacion-operador-turistico-brasil\/"]}]},{"@type":"BreadcrumbList","@id":"https:\/\/www.discoverbrasil.eu\/es\/asociacion-operador-turistico-brasil\/#breadcrumb","itemListElement":[{"@type":"ListItem","position":1,"name":"Home","item":"https:\/\/www.discoverbrasil.eu\/es\/"},{"@type":"ListItem","position":2,"name":"Alianzas"}]},{"@type":"WebSite","@id":"https:\/\/www.discoverbrasil.eu\/es\/#website","url":"https:\/\/www.discoverbrasil.eu\/es\/","name":"Discover Brasil","description":"Discover Brasil: Eco-Tourism, Adventure, and Authentic Experiences in Brazil","publisher":{"@id":"https:\/\/www.discoverbrasil.eu\/es\/#organization"},"alternateName":"Discover Brazil","potentialAction":[{"@type":"SearchAction","target":{"@type":"EntryPoint","urlTemplate":"https:\/\/www.discoverbrasil.eu\/es\/?s={search_term_string}"},"query-input":{"@type":"PropertyValueSpecification","valueRequired":true,"valueName":"search_term_string"}}],"inLanguage":"es"},{"@type":"Organization","@id":"https:\/\/www.discoverbrasil.eu\/es\/#organization","name":"Discover Brasil","alternateName":"Discover Brasil","url":"https:\/\/www.discoverbrasil.eu\/es\/","logo":{"@type":"ImageObject","inLanguage":"es","@id":"https:\/\/www.discoverbrasil.eu\/es\/#\/schema\/logo\/image\/","url":"https:\/\/www.discoverbrasil.eu\/wp-content\/uploads\/2024\/07\/Logo-round.png","contentUrl":"https:\/\/www.discoverbrasil.eu\/wp-content\/uploads\/2024\/07\/Logo-round.png","width":625,"height":625,"caption":"Discover Brasil"},"image":{"@id":"https:\/\/www.discoverbrasil.eu\/es\/#\/schema\/logo\/image\/"},"sameAs":["https:\/\/www.instagram.com\/discoverbrasil.travel"],"description":"At Discover Brasil, we believe that travel is about more than just visiting new places \u2013 it\u2019s about deeply connecting with culture, nature, and people. Since our founding, our goal has been to provide our visitors with authentic and sustainable experiences that respect and celebrate the diverse beauty of Brazil.","email":"support@discoverbrasil.eu","legalName":"Discover Brasil","foundingDate":"2024-02-15","vatID":"53.912.607\/0001-04","taxID":"308800044","numberOfEmployees":{"@type":"QuantitativeValue","minValue":"1","maxValue":"10"},"publishingPrinciples":"https:\/\/www.discoverbrasil.eu\/es\/terminos-y-condiciones\/","actionableFeedbackPolicy":"https:\/\/www.discoverbrasil.eu\/es\/terminos-y-condiciones\/"}]}},"_links":{"self":[{"href":"https:\/\/www.discoverbrasil.eu\/es\/wp-json\/wp\/v2\/pages\/76826","targetHints":{"allow":["GET"]}}],"collection":[{"href":"https:\/\/www.discoverbrasil.eu\/es\/wp-json\/wp\/v2\/pages"}],"about":[{"href":"https:\/\/www.discoverbrasil.eu\/es\/wp-json\/wp\/v2\/types\/page"}],"author":[{"embeddable":true,"href":"https:\/\/www.discoverbrasil.eu\/es\/wp-json\/wp\/v2\/users\/2"}],"replies":[{"embeddable":true,"href":"https:\/\/www.discoverbrasil.eu\/es\/wp-json\/wp\/v2\/comments?post=76826"}],"version-history":[{"count":7,"href":"https:\/\/www.discoverbrasil.eu\/es\/wp-json\/wp\/v2\/pages\/76826\/revisions"}],"predecessor-version":[{"id":76865,"href":"https:\/\/www.discoverbrasil.eu\/es\/wp-json\/wp\/v2\/pages\/76826\/revisions\/76865"}],"wp:attachment":[{"href":"https:\/\/www.discoverbrasil.eu\/es\/wp-json\/wp\/v2\/media?parent=76826"}],"curies":[{"name":"wp","href":"https:\/\/api.w.org\/{rel}","templated":true}]}}